{"id":484,"date":"2014-05-09T06:17:38","date_gmt":"2014-05-09T06:17:38","guid":{"rendered":"http:\/\/villavoltaire.be\/Hote\/?page_id=484"},"modified":"2022-07-20T08:06:09","modified_gmt":"2022-07-20T08:06:09","slug":"chambre","status":"publish","type":"page","link":"https:\/\/villavoltaire.be\/Hote\/chambre\/","title":{"rendered":"Chambre"},"content":{"rendered":"<p><span style=\"color: #800000;\"><strong>\u00a0<\/strong><\/span><br \/>\n<a target=\"_parent\" href=\"https:\/\/villavoltaire.be\/Hote\/prix\" class=\"button1\">Voir le tarif<\/a><div class=\"clearboth\"><\/div>\n<h1><a href=\"https:\/\/i0.wp.com\/villavoltaire.be\/Hote\/wp-content\/uploads\/2014\/03\/chambre2014.jpg?ssl=1\"><img data-recalc-dims=\"1\" loading=\"lazy\" decoding=\"async\" data-attachment-id=\"454\" data-permalink=\"https:\/\/villavoltaire.be\/Hote\/?attachment_id=454\" data-orig-file=\"https:\/\/i0.wp.com\/villavoltaire.be\/Hote\/wp-content\/uploads\/2014\/03\/chambre2014.jpg?fit=2048%2C1365&amp;ssl=1\" data-orig-size=\"2048,1365\" data-comments-opened=\"1\" data-image-meta=\"{&quot;aperture&quot;:&quot;5.6&quot;,&quot;credit&quot;:&quot;&quot;,&quot;camera&quot;:&quot;NIKON D3100&quot;,&quot;caption&quot;:&quot;&quot;,&quot;created_timestamp&quot;:&quot;1350311385&quot;,&quot;copyright&quot;:&quot;&quot;,&quot;focal_length&quot;:&quot;18&quot;,&quot;iso&quot;:&quot;400&quot;,&quot;shutter_speed&quot;:&quot;0.008&quot;,&quot;title&quot;:&quot;&quot;}\" data-image-title=\"chambre2014\" data-image-description=\"\" data-image-caption=\"&lt;p&gt;Chambre lit double&lt;\/p&gt;\n\" data-large-file=\"https:\/\/i0.wp.com\/villavoltaire.be\/Hote\/wp-content\/uploads\/2014\/03\/chambre2014.jpg?fit=640%2C426&amp;ssl=1\" class=\"alignleft wp-image-454\" src=\"https:\/\/i0.wp.com\/villavoltaire.be\/Hote\/wp-content\/uploads\/2014\/03\/chambre2014.jpg?resize=599%2C414&#038;ssl=1\" alt=\"chambre2014\" width=\"599\" height=\"414\" \/><\/a><\/h1>\n<h3><\/h3>\n<h3><\/h3>\n<h3><\/h3>\n<p style=\"color: #1c1c1c;\"><span style=\"color: #800000;\"><strong>Le logement<\/strong><\/span><\/p>\n<p>Le\u00a0duplex est situ\u00e9 au 3\u00e8me \u00e9tage et est tout \u00e0 fait ind\u00e9pendant du reste de notre habitation. Vous serez comme chez vous avec l&rsquo;avantage d&rsquo;avoir votre petit d\u00e9jeuner servi dans l&rsquo;appartement\u00a0(15 \u20ac \/jours\u00a0et optionnel). Vous b\u00e9n\u00e9ficiez d&rsquo;une cuisine \u00e9quip\u00e9e, d&rsquo;une salle\u00a0\u00e0 manger, d&rsquo;un salon TV (toutes les cha\u00eenes internationales) et d&rsquo;une salle de bain privative (baignoire \/ douche). WI-FI performant et gratuit. Le prix pour une 3\u00e8me et 4\u00e8me personne suppl\u00e9mentaire est de 45 \u20ac la nuit\/par pers.<\/p>\n<p>S\u00e9jour gratuit pour les enfants de moins de 2 ans et conditions sp\u00e9ciales de 2 \u00e0 6 ans.<\/p>\n<p>&nbsp;<\/p>\n<p><strong><span style=\"color: #800000;\"><a href=\"https:\/\/i0.wp.com\/villavoltaire.be\/Hote\/wp-content\/uploads\/2014\/03\/SALON2014.jpg?ssl=1\"><img data-recalc-dims=\"1\" loading=\"lazy\" decoding=\"async\" data-attachment-id=\"461\" data-permalink=\"https:\/\/villavoltaire.be\/Hote\/?attachment_id=461\" data-orig-file=\"https:\/\/i0.wp.com\/villavoltaire.be\/Hote\/wp-content\/uploads\/2014\/03\/SALON2014.jpg?fit=2048%2C1361&amp;ssl=1\" data-orig-size=\"2048,1361\" data-comments-opened=\"1\" data-image-meta=\"{&quot;aperture&quot;:&quot;5.6&quot;,&quot;credit&quot;:&quot;&quot;,&quot;camera&quot;:&quot;NIKON D70s&quot;,&quot;caption&quot;:&quot;&quot;,&quot;created_timestamp&quot;:&quot;1235397452&quot;,&quot;copyright&quot;:&quot;&quot;,&quot;focal_length&quot;:&quot;18&quot;,&quot;iso&quot;:&quot;0&quot;,&quot;shutter_speed&quot;:&quot;0.1&quot;,&quot;title&quot;:&quot;&quot;}\" data-image-title=\"SALON2014\" data-image-description=\"\" data-image-caption=\"\" data-large-file=\"https:\/\/i0.wp.com\/villavoltaire.be\/Hote\/wp-content\/uploads\/2014\/03\/SALON2014.jpg?fit=640%2C425&amp;ssl=1\" class=\" wp-image-461 alignleft\" src=\"https:\/\/i0.wp.com\/villavoltaire.be\/Hote\/wp-content\/uploads\/2014\/03\/SALON2014.jpg?resize=600%2C392&#038;ssl=1\" alt=\"SALON2014\" width=\"600\" height=\"392\" srcset=\"https:\/\/i0.wp.com\/villavoltaire.be\/Hote\/wp-content\/uploads\/2014\/03\/SALON2014.jpg?resize=100%2C66&amp;ssl=1 100w, https:\/\/i0.wp.com\/villavoltaire.be\/Hote\/wp-content\/uploads\/2014\/03\/SALON2014.jpg?zoom=2&amp;resize=600%2C392&amp;ssl=1 1200w, https:\/\/i0.wp.com\/villavoltaire.be\/Hote\/wp-content\/uploads\/2014\/03\/SALON2014.jpg?zoom=3&amp;resize=600%2C392&amp;ssl=1 1800w\" sizes=\"auto, (max-width: 600px) 100vw, 600px\" \/><\/a><\/span><\/strong> <img data-recalc-dims=\"1\" loading=\"lazy\" decoding=\"async\" lang=\"fr\" src=\"https:\/\/i0.wp.com\/www.bnb-brussels.be\/servlet\/Repository\/internet.gif?resize=24%2C24\" alt=\"\" width=\"24\" height=\"24\" \/>Internet<br \/>\n<img data-recalc-dims=\"1\" loading=\"lazy\" decoding=\"async\" lang=\"fr\" src=\"https:\/\/i0.wp.com\/www.bnb-brussels.be\/servlet\/Repository\/television.gif?resize=24%2C24\" alt=\"\" width=\"24\" height=\"24\" \/>T\u00e9l\u00e9vision<br \/>\n<img data-recalc-dims=\"1\" loading=\"lazy\" decoding=\"async\" lang=\"fr\" src=\"https:\/\/i0.wp.com\/www.bnb-brussels.be\/servlet\/Repository\/transportspublics.gif?resize=24%2C24\" alt=\"\" width=\"24\" height=\"24\" \/>Transports publics \u00e0 proximit\u00e9<br \/>\n<img data-recalc-dims=\"1\" loading=\"lazy\" decoding=\"async\" lang=\"fr\" src=\"https:\/\/i0.wp.com\/www.bnb-brussels.be\/servlet\/Repository\/accesprivatif.gif?resize=24%2C24\" alt=\"\" width=\"24\" height=\"24\" \/>Acc\u00e8s privatif<br \/>\n<img data-recalc-dims=\"1\" loading=\"lazy\" decoding=\"async\" lang=\"fr\" src=\"https:\/\/i0.wp.com\/www.bnb-brussels.be\/servlet\/Repository\/calme.gif?resize=24%2C24\" alt=\"\" width=\"24\" height=\"24\" \/>Calme<br \/>\n<img data-recalc-dims=\"1\" loading=\"lazy\" decoding=\"async\" lang=\"fr\" src=\"https:\/\/i0.wp.com\/www.bnb-brussels.be\/servlet\/Repository\/cuisine.gif?resize=24%2C24\" alt=\"\" width=\"24\" height=\"24\" \/>Cuisine<br \/>\n<img data-recalc-dims=\"1\" loading=\"lazy\" decoding=\"async\" lang=\"fr\" src=\"https:\/\/i0.wp.com\/www.bnb-brussels.be\/servlet\/Repository\/chambreagree.gif?resize=24%2C25\" alt=\"\" width=\"24\" height=\"25\" \/>Chambre d&rsquo;h\u00f4tes agr\u00e9\u00e9e<br \/>\n<img data-recalc-dims=\"1\" loading=\"lazy\" decoding=\"async\" lang=\"fr\" src=\"https:\/\/i0.wp.com\/www.bnb-brussels.be\/servlet\/Repository\/longsejour.gif?resize=24%2C24\" alt=\"\" width=\"24\" height=\"24\" \/>Long s\u00e9jour<\/p>\n<p style=\"color: #1c1c1c;\"><span style=\"color: #800000;\"><strong>Accueil et \u00e9changes\u00a0avec les voyageurs<\/strong><\/span><\/p>\n<p>Nous habitons et travaillons sur place ce qui facilite les contacts avec les voyageurs. Nous connaissons bien Bruxelles et pouvons renseigner les voyageurs sur bon nombre de questions.<\/p>\n<p style=\"color: #1c1c1c;\"><span style=\"color: #800000;\"><strong>Facilit\u00e9 d&rsquo;acc\u00e8s vers les lieux embl\u00e9matiques de Bruxelles<\/strong><\/span><\/p>\n<p>Situation centrale dans Bruxelles, nous sommes situ\u00e9s \u00e0 15 minutes en tram du Heysel, de la Place Royale, du Parlement europ\u00e9en et de l&rsquo;OTAN.<\/p>\n<p><span class=\"embed-youtube\" style=\"text-align:center; display: block;\"><iframe loading=\"lazy\" class=\"youtube-player\" width=\"640\" height=\"360\" src=\"https:\/\/www.youtube.com\/embed\/jqtSs9bsOtk?version=3&#038;rel=1&#038;showsearch=0&#038;showinfo=1&#038;iv_load_policy=1&#038;fs=1&#038;hl=fr-FR&#038;autohide=2&#038;wmode=transparent\" allowfullscreen=\"true\" style=\"border:0;\" sandbox=\"allow-scripts allow-same-origin allow-popups allow-presentation allow-popups-to-escape-sandbox\"><\/iframe><\/span><\/p>\n<a target=\"_parent\" href=\"https:\/\/villavoltaire.be\/Hote\/prix\" class=\"button1\">Voir le tarif<\/a><div class=\"clearboth\"><\/div>\n<p>&nbsp;<\/p>\n<p>&nbsp;<\/p>\n","protected":false},"excerpt":{"rendered":"<p>\u00a0 Le logement Le\u00a0duplex est situ\u00e9 au 3\u00e8me \u00e9tage et est tout \u00e0 fait ind\u00e9pendant du reste de notre habitation. Vous serez comme chez vous avec l&rsquo;avantage d&rsquo;avoir votre petit d\u00e9jeuner servi dans l&rsquo;appartement\u00a0(15 \u20ac \/jours\u00a0et optionnel). Vous b\u00e9n\u00e9ficiez d&rsquo;une cuisine \u00e9quip\u00e9e, d&rsquo;une salle\u00a0\u00e0 manger, d&rsquo;un salon TV (toutes les cha\u00eenes internationales) et d&rsquo;une salle<\/p>\n","protected":false},"author":1,"featured_media":0,"parent":0,"menu_order":0,"comment_status":"open","ping_status":"closed","template":"","meta":{"footnotes":""},"class_list":["post-484","page","type-page","status-publish","hentry"],"jetpack_sharing_enabled":true,"jetpack_shortlink":"https:\/\/wp.me\/P4s7sA-7O","jetpack_likes_enabled":false,"jetpack-related-posts":[],"_links":{"self":[{"href":"https:\/\/villavoltaire.be\/Hote\/wp-json\/wp\/v2\/pages\/484","targetHints":{"allow":["GET"]}}],"collection":[{"href":"https:\/\/villavoltaire.be\/Hote\/wp-json\/wp\/v2\/pages"}],"about":[{"href":"https:\/\/villavoltaire.be\/Hote\/wp-json\/wp\/v2\/types\/page"}],"author":[{"embeddable":true,"href":"https:\/\/villavoltaire.be\/Hote\/wp-json\/wp\/v2\/users\/1"}],"replies":[{"embeddable":true,"href":"https:\/\/villavoltaire.be\/Hote\/wp-json\/wp\/v2\/comments?post=484"}],"version-history":[{"count":7,"href":"https:\/\/villavoltaire.be\/Hote\/wp-json\/wp\/v2\/pages\/484\/revisions"}],"predecessor-version":[{"id":1288,"href":"https:\/\/villavoltaire.be\/Hote\/wp-json\/wp\/v2\/pages\/484\/revisions\/1288"}],"wp:attachment":[{"href":"https:\/\/villavoltaire.be\/Hote\/wp-json\/wp\/v2\/media?parent=484"}],"curies":[{"name":"wp","href":"https:\/\/api.w.org\/{rel}","templated":true}]}}